{"id":10000511,"date":"2016-05-24T12:38:21","date_gmt":"2016-05-24T16:38:21","guid":{"rendered":"http:\/\/www.geoed.ca\/fr\/?page_id=10000511"},"modified":"2017-09-06T15:05:03","modified_gmt":"2017-09-06T19:05:03","slug":"deontologie-ethique-et-pratique-professionnelle-de-larpenteur-geometre-cadre-legislatif-et-normatif-de-la-profession-partie-3-de-3-fre","status":"publish","type":"page","link":"https:\/\/staging.geoed.ca\/fr\/course-gratuit-de-loagq\/oagq\/legal\/deontologie-ethique-et-pratique-professionnelle-de-larpenteur-geometre-cadre-legislatif-et-normatif-de-la-profession-partie-3-de-3-fre\/","title":{"rendered":"D\u00e9ontologie, \u00e9thique et pratique professionnelle de l\u2019arpenteur-g\u00e9om\u00e8tre : Cadre l\u00e9gislatif et normatif de la profession PARTIE 3 de 3"},"content":{"rendered":"<p>(2016 \u2013 2\u00a0\u00bd \u00a0heures)<\/p>\n<p>Formatrice\u00a0:<\/p>\n<p>Anik Fortin-Doyon, avocate, OAGQ<\/p>\n<p>Steve Cloutier, arpenteur-g\u00e9om\u00e8tre, Inspecteur\/enqu\u00eateur, OAGQ<\/p>\n<p>Dans cette troisi\u00e8me s\u00e9rie de vid\u00e9oconf\u00e9rences, les sujets suivants seront abord\u00e9s\u00a0:<\/p>\n<ul>\n<li>Le Comit\u00e9 d\u2019inspection professionnelle (CIP)\u00a0: r\u00f4le, fonctionnement, pouvoirs<\/li>\n<li>La Loi sur les arpenteurs-g\u00e9om\u00e8tres<\/li>\n<li>Les obligations en mati\u00e8re de greffe et de tenue d\u2019une \u00e9tude<\/li>\n<li>Le greffe num\u00e9rique, la signature num\u00e9rique<\/li>\n<li>Le r\u00e8glement sur la norme de pratique relative au contrat de localisation<\/li>\n<li>Le r\u00e8glement sur la norme de pratique relative au piquetage et \u00e0 l\u2019implantation<\/li>\n<li>Cas pratiques et exercices pr\u00e9paratoires \u00e0 l\u2019examen<\/li>\n<\/ul>\n<p><em>Note\u00a0: La formation est pr\u00e9paratoire \u00e0 l\u2019examen d\u2019admission \u00e0 l\u2019OAGQ<\/em><\/p>\n<div style=\"width: 960px;\" class=\"wp-video\"><!--[if lt IE 9]><script>document.createElement('video');<\/script><![endif]-->\n<video class=\"wp-video-shortcode\" id=\"video-10000511-1\" width=\"960\" height=\"540\" preload=\"metadata\" controls=\"controls\"><source type=\"video\/mp4\" src=\"https:\/\/www.geoed.ca\/wp-content\/uploads\/2016\/05\/OAGQ-Formation-Delontologie-2016-Jour-3-_-Partie-17.mp4?_=1\" \/><a href=\"https:\/\/www.geoed.ca\/wp-content\/uploads\/2016\/05\/OAGQ-Formation-Delontologie-2016-Jour-3-_-Partie-17.mp4\">https:\/\/www.geoed.ca\/wp-content\/uploads\/2016\/05\/OAGQ-Formation-Delontologie-2016-Jour-3-_-Partie-17.mp4<\/a><\/video><\/div>\n<div style=\"width: 960px;\" class=\"wp-video\"><video class=\"wp-video-shortcode\" id=\"video-10000511-2\" width=\"960\" height=\"540\" preload=\"metadata\" controls=\"controls\"><source type=\"video\/mp4\" src=\"https:\/\/www.geoed.ca\/wp-content\/uploads\/2016\/05\/OAGQ-Formation-Delontologie-2016-Jour-3-_-Partie-18.mp4?_=2\" \/><a href=\"https:\/\/www.geoed.ca\/wp-content\/uploads\/2016\/05\/OAGQ-Formation-Delontologie-2016-Jour-3-_-Partie-18.mp4\">https:\/\/www.geoed.ca\/wp-content\/uploads\/2016\/05\/OAGQ-Formation-Delontologie-2016-Jour-3-_-Partie-18.mp4<\/a><\/video><\/div>\n<div style=\"width: 960px;\" class=\"wp-video\"><video class=\"wp-video-shortcode\" id=\"video-10000511-3\" width=\"960\" height=\"540\" preload=\"metadata\" controls=\"controls\"><source type=\"video\/mp4\" src=\"https:\/\/www.geoed.ca\/wp-content\/uploads\/2016\/05\/OAGQ-Formation-Delontologie-2016-Jour-3-_-Partie-21.mp4?_=3\" \/><a href=\"https:\/\/www.geoed.ca\/wp-content\/uploads\/2016\/05\/OAGQ-Formation-Delontologie-2016-Jour-3-_-Partie-21.mp4\">https:\/\/www.geoed.ca\/wp-content\/uploads\/2016\/05\/OAGQ-Formation-Delontologie-2016-Jour-3-_-Partie-21.mp4<\/a><\/video><\/div>\n<p>-Delontologie-2016-Jour-3-_-Partie-21.mp4&Prime;][\/video]<\/p>\n<div style=\"width: 960px;\" class=\"wp-video\"><video class=\"wp-video-shortcode\" id=\"video-10000511-4\" width=\"960\" height=\"540\" preload=\"metadata\" controls=\"controls\"><source type=\"video\/mp4\" src=\"https:\/\/www.geoed.ca\/wp-content\/uploads\/2016\/05\/OAGQ-Formation-Delontologie-2016-Jour-3-_-Partie-22.mp4?_=4\" \/><a href=\"https:\/\/www.geoed.ca\/wp-content\/uploads\/2016\/05\/OAGQ-Formation-Delontologie-2016-Jour-3-_-Partie-22.mp4\">https:\/\/www.geoed.ca\/wp-content\/uploads\/2016\/05\/OAGQ-Formation-Delontologie-2016-Jour-3-_-Partie-22.mp4<\/a><\/video><\/div>\n","protected":false},"excerpt":{"rendered":"<p>(2016 \u2013 2\u00a0\u00bd \u00a0heures) Formatrice\u00a0: Anik Fortin-Doyon, avocate, OAGQ Steve Cloutier, arpenteur-g\u00e9om\u00e8tre, Inspecteur\/enqu\u00eateur, OAGQ Dans cette troisi\u00e8me s\u00e9rie de vid\u00e9oconf\u00e9rences, les sujets suivants seront abord\u00e9s\u00a0: Le Comit\u00e9 d\u2019inspection professionnelle (CIP)\u00a0: r\u00f4le, fonctionnement, pouvoirs La Loi sur les arpenteurs-g\u00e9om\u00e8tres Les obligations en mati\u00e8re de greffe et de tenue d\u2019une \u00e9tude Le greffe num\u00e9rique, la signature num\u00e9rique [&hellip;]<\/p>\n","protected":false},"author":15317,"featured_media":0,"parent":10000484,"menu_order":0,"comment_status":"closed","ping_status":"closed","template":"","meta":{"footnotes":""},"class_list":["post-10000511","page","type-page","status-publish","hentry"],"_links":{"self":[{"href":"https:\/\/staging.geoed.ca\/fr\/wp-json\/wp\/v2\/pages\/10000511","targetHints":{"allow":["GET"]}}],"collection":[{"href":"https:\/\/staging.geoed.ca\/fr\/wp-json\/wp\/v2\/pages"}],"about":[{"href":"https:\/\/staging.geoed.ca\/fr\/wp-json\/wp\/v2\/types\/page"}],"author":[{"embeddable":true,"href":"https:\/\/staging.geoed.ca\/fr\/wp-json\/wp\/v2\/users\/15317"}],"replies":[{"embeddable":true,"href":"https:\/\/staging.geoed.ca\/fr\/wp-json\/wp\/v2\/comments?post=10000511"}],"version-history":[{"count":8,"href":"https:\/\/staging.geoed.ca\/fr\/wp-json\/wp\/v2\/pages\/10000511\/revisions"}],"predecessor-version":[{"id":10001446,"href":"https:\/\/staging.geoed.ca\/fr\/wp-json\/wp\/v2\/pages\/10000511\/revisions\/10001446"}],"up":[{"embeddable":true,"href":"https:\/\/staging.geoed.ca\/fr\/wp-json\/wp\/v2\/pages\/10000484"}],"wp:attachment":[{"href":"https:\/\/staging.geoed.ca\/fr\/wp-json\/wp\/v2\/media?parent=10000511"}],"curies":[{"name":"wp","href":"https:\/\/api.w.org\/{rel}","templated":true}]}}