{"id":10005605,"date":"2021-05-31T15:34:52","date_gmt":"2021-05-31T19:34:52","guid":{"rendered":"https:\/\/www.geoed.ca\/\/?post_type=product&#038;p=10005605"},"modified":"-0001-11-30T00:00:00","modified_gmt":"-0001-11-30T04:00:00","slug":"nad83scrs-de-statique-a-dynamique-product","status":"publish","type":"product","link":"https:\/\/staging.geoed.ca\/fr\/produit\/nad83scrs-de-statique-a-dynamique-product\/","title":{"rendered":"NAD83(SCRS) : de statique \u00e0 dynamique"},"content":{"rendered":"<p>R\u00e9sum\u00e9 : Le syst\u00e8me de r\u00e9f\u00e9rence g\u00e9om\u00e9trique actuel adopt\u00e9 par la plupart des juridictions au Canada est le syst\u00e8me de r\u00e9f\u00e9rence nord-am\u00e9ricain de 1983 (NAD83). Ce webinaire r\u00e9sumera l\\&rsquo;\u00e9volution du NAD83, du cadre de r\u00e9f\u00e9rence statique horizontal, adopt\u00e9 pour la premi\u00e8re fois en 1990, aux versions dynamiques 3D du NAD83(SCRS) actuellement utilis\u00e9es. La relation entre le NAD83(SCRS) et les cadres de r\u00e9f\u00e9rence internationaux sera discut\u00e9e, ainsi que les diff\u00e9rences entre les diverses r\u00e9alisations du NAD83(SCRS). Le webinaire se terminera par quelques consid\u00e9rations pour ceux qui travaillent en NAD83(SCRS).<\/p>\n<p>Pr\u00e9sent\u00e9 par Philippe Lamothe<\/p>\n<p>Bio: Philippe Lamothe travaille avec les Lev\u00e9s g\u00e9od\u00e9siques du Canada, Ressources Naturelles Canada depuis 10 ans. Il est actuellement ing\u00e9nieur principal en g\u00e9od\u00e9sie avec l\u2019Unit\u00e9 des services g\u00e9od\u00e9siques int\u00e9gr\u00e9s. Il est \u00e9galement membre du Comit\u00e9 Canadien du syst\u00e8me de r\u00e9f\u00e9rence g\u00e9od\u00e9sique (CCSRG), un comit\u00e9 de travail f\u00e9d\u00e9ral-provincial-territorial du Conseil canadien de g\u00e9omatique (COCG), qui est responsable de la planification des am\u00e9liorations du syst\u00e8me de r\u00e9f\u00e9rence g\u00e9od\u00e9sique au Canada.<\/p>\n","protected":false},"excerpt":{"rendered":"<p>R\u00e9sum\u00e9 : Le syst\u00e8me de r\u00e9f\u00e9rence g\u00e9om\u00e9trique actuel adopt\u00e9 par la plupart des juridictions au Canada est le syst\u00e8me de r\u00e9f\u00e9rence nord-am\u00e9ricain de 1983 (NAD83). Ce webinaire r\u00e9sumera l\\&rsquo;\u00e9volution du NAD83, du cadre de r\u00e9f\u00e9rence statique horizontal, adopt\u00e9 pour la premi\u00e8re fois en 1990, aux versions dynamiques 3D du NAD83(SCRS) actuellement utilis\u00e9es. La relation entre [&hellip;]<\/p>\n","protected":false},"featured_media":0,"comment_status":"open","ping_status":"closed","template":"","meta":[],"product_brand":[],"product_tag":[],"class_list":{"0":"post-10005605","1":"product","2":"type-product","3":"status-publish","5":"product_cat-professionnel-fr","7":"first","8":"instock","9":"virtual","10":"sold-individually","11":"taxable","12":"purchasable","13":"product-type-simple"},"_links":{"self":[{"href":"https:\/\/staging.geoed.ca\/fr\/wp-json\/wp\/v2\/product\/10005605","targetHints":{"allow":["GET"]}}],"collection":[{"href":"https:\/\/staging.geoed.ca\/fr\/wp-json\/wp\/v2\/product"}],"about":[{"href":"https:\/\/staging.geoed.ca\/fr\/wp-json\/wp\/v2\/types\/product"}],"replies":[{"embeddable":true,"href":"https:\/\/staging.geoed.ca\/fr\/wp-json\/wp\/v2\/comments?post=10005605"}],"wp:attachment":[{"href":"https:\/\/staging.geoed.ca\/fr\/wp-json\/wp\/v2\/media?parent=10005605"}],"wp:term":[{"taxonomy":"product_brand","embeddable":true,"href":"https:\/\/staging.geoed.ca\/fr\/wp-json\/wp\/v2\/product_brand?post=10005605"},{"taxonomy":"product_tag","embeddable":true,"href":"https:\/\/staging.geoed.ca\/fr\/wp-json\/wp\/v2\/product_tag?post=10005605"}],"curies":[{"name":"wp","href":"https:\/\/api.w.org\/{rel}","templated":true}]}}