{"id":10010236,"date":"2022-12-14T10:58:45","date_gmt":"2022-12-14T15:58:45","guid":{"rendered":"https:\/\/www.geoed.ca\/\/?post_type=product&#038;p=10010236"},"modified":"-0001-11-30T00:00:00","modified_gmt":"-0001-11-30T04:00:00","slug":"modernisation-du-systeme-de-reference-altimetrique-au-canada-et-en-amerique-du-nord-product","status":"publish","type":"product","link":"https:\/\/staging.geoed.ca\/fr\/produit\/modernisation-du-systeme-de-reference-altimetrique-au-canada-et-en-amerique-du-nord-product\/","title":{"rendered":"Modernisation du syst\u00e8me de r\u00e9f\u00e9rence altimetrique au Canada et en Am\u00e9rique du Nord"},"content":{"rendered":"<p>Introduction<\/p>\n<p>Le Syst\u00e8me canadien de r\u00e9f\u00e9rence altim\u00e9trique de 2013 (CGVD2013) a \u00e9t\u00e9 officiellement adopt\u00e9 comme un nouveau datum vertical moderne en remplacement du CGVD28 en 2015 (Gazette du Canada).<\/p>\n<p>Les provinces et les municipalit\u00e9s n\\&rsquo;ont pas tous adopt\u00e9 et mis en \u0153uvre le CGVD2013.<\/p>\n<p>Le Lev\u00e9s g\u00e9od\u00e9siques du canada (LGC), le National Geodetic Survey (NGS) des Etats-Unis, et l\u2019Instituto Nacional de Estad\u00edstica y Geograf\u00eda (INEGI) du Mexique collaborent \u00e0 l\\&rsquo;\u00e9laboration du \u00ab\u00a0North American-Pacific Geopotential Datum of 2022\u00a0\u00bb (NAPGD2022).<\/p>\n<p>Le NAPGD2022 sera publi\u00e9 en m\u00eame temps que le Cadre de r\u00e9f\u00e9rence terrestre nord-am\u00e9ricain de 2022 (NATRF2022) en 2025.<\/p>\n","protected":false},"excerpt":{"rendered":"<p>Introduction Le Syst\u00e8me canadien de r\u00e9f\u00e9rence altim\u00e9trique de 2013 (CGVD2013) a \u00e9t\u00e9 officiellement adopt\u00e9 comme un nouveau datum vertical moderne en remplacement du CGVD28 en 2015 (Gazette du Canada). Les provinces et les municipalit\u00e9s n\\&rsquo;ont pas tous adopt\u00e9 et mis en \u0153uvre le CGVD2013. Le Lev\u00e9s g\u00e9od\u00e9siques du canada (LGC), le National Geodetic Survey (NGS) [&hellip;]<\/p>\n","protected":false},"featured_media":0,"comment_status":"open","ping_status":"closed","template":"","meta":[],"product_brand":[],"product_tag":[],"class_list":{"0":"post-10010236","1":"product","2":"type-product","3":"status-publish","5":"product_cat-professionnel-fr","7":"first","8":"instock","9":"virtual","10":"sold-individually","11":"taxable","12":"purchasable","13":"product-type-simple"},"_links":{"self":[{"href":"https:\/\/staging.geoed.ca\/fr\/wp-json\/wp\/v2\/product\/10010236","targetHints":{"allow":["GET"]}}],"collection":[{"href":"https:\/\/staging.geoed.ca\/fr\/wp-json\/wp\/v2\/product"}],"about":[{"href":"https:\/\/staging.geoed.ca\/fr\/wp-json\/wp\/v2\/types\/product"}],"replies":[{"embeddable":true,"href":"https:\/\/staging.geoed.ca\/fr\/wp-json\/wp\/v2\/comments?post=10010236"}],"wp:attachment":[{"href":"https:\/\/staging.geoed.ca\/fr\/wp-json\/wp\/v2\/media?parent=10010236"}],"wp:term":[{"taxonomy":"product_brand","embeddable":true,"href":"https:\/\/staging.geoed.ca\/fr\/wp-json\/wp\/v2\/product_brand?post=10010236"},{"taxonomy":"product_tag","embeddable":true,"href":"https:\/\/staging.geoed.ca\/fr\/wp-json\/wp\/v2\/product_tag?post=10010236"}],"curies":[{"name":"wp","href":"https:\/\/api.w.org\/{rel}","templated":true}]}}