{"id":10011843,"date":"2023-12-08T10:02:36","date_gmt":"2023-12-08T15:02:36","guid":{"rendered":"https:\/\/geoed.ca\/\/?post_type=product&#038;p=10011843"},"modified":"-0001-11-30T00:00:00","modified_gmt":"-0001-11-30T04:00:00","slug":"modernisation-du-systeme-de-reference-plans-et-echeances-au-canada-product","status":"publish","type":"product","link":"https:\/\/staging.geoed.ca\/fr\/produit\/modernisation-du-systeme-de-reference-plans-et-echeances-au-canada-product\/","title":{"rendered":"Modernisation du syst\u00e8me de r\u00e9f\u00e9rence : Plans et \u00e9ch\u00e9ances au Canada."},"content":{"rendered":"<ol>\n<li>Berg<sup>1<\/sup>; G. Banham<sup>2<\/sup>; M. Craymer<sup>3<\/sup>; G. Cross<sup>4<\/sup>; B. Donahue<sup>3<\/sup>; M. Fortin<sup>3<\/sup>; J. Huang<sup>3<\/sup>; R. Messier Paquin<sup>5<\/sup>; C. Robin<sup>3<\/sup>*; M. Walker<sup>3<\/sup><\/li>\n<\/ol>\n<p><sup>1 <\/sup>Ministry of Transportation, Ontario; <sup>2<\/sup> Ministry of Environment and Parks, Alberta; <sup>3<\/sup> Natural Resources Canada; <sup>4<\/sup> Service New Brunswick; <sup>5<\/sup> Direction de la r\u00e9f\u00e9rence g\u00e9od\u00e9sique du Qu\u00e9bec<\/p>\n<p><strong>\u00a0<\/strong><\/p>\n<p><strong>R\u00e9sum\u00e9<\/strong><\/p>\n<p>Le National Geodetic Survey (NGS) des \u00c9tats-Unis pr\u00e9voit d&rsquo;adopter de nouveaux cadres de r\u00e9f\u00e9rence g\u00e9om\u00e9triques en 2025 ; pour les \u00c9tats-Unis continentaux, il s&rsquo;agira du <em>North American Terrestrial Reference Frame of 2022<\/em> (NATRF2022). Afin d&rsquo;assurer la compatibilit\u00e9, les Lev\u00e9s g\u00e9od\u00e9siques du Canada (LGC) pr\u00e9voit d&rsquo;adopter le NATRF2022 au niveau f\u00e9d\u00e9ral, parall\u00e8lement aux \u00c9tats-Unis. En 2025 NGS adoptera aussi un nouveau syst\u00e8me altim\u00e9trique bas\u00e9 sur le g\u00e9o\u00efde, appel\u00e9 le North American-Pacific Geopotential Datum of 2022 (NAPGD2022), qui remplacera leur syst\u00e8me actuel bas\u00e9 sur le nivellement. Le Canada dispose d&rsquo;un syst\u00e8me altim\u00e9trique bas\u00e9 sur le g\u00e9o\u00efde depuis 2015, le Syst\u00e8me canadien de r\u00e9f\u00e9rence altim\u00e9trique de 2013 (CGVD2013). LGC pr\u00e9voit d&rsquo;adopter une nouvelle r\u00e9alisation du CGVD2013, r\u00e9alis\u00e9e par un mod\u00e8le de g\u00e9o\u00efde commun d\u00e9velopp\u00e9 en collaboration avec la NGS.<\/p>\n<p>Au cours de la pr\u00e9sentation et d\u2019une discussion, nous r\u00e9v\u00e9rons les derniers plans et \u00e9ch\u00e9ances pour le lancement des produits et des outils des LGC qui m\u00e8neront \u00e0 la modernisation f\u00e9d\u00e9rale en 2025. Nous pr\u00e9senterons \u00e9galement les efforts r\u00e9cents en vue de l&rsquo;adoption de cadres de r\u00e9f\u00e9rences unifi\u00e9s dans toutes les juridictions Canadiennes, y compris les options de modernisation au niveau provinciale.<\/p>\n<p>&nbsp;<\/p>\n<p>Pr\u00e9sentatrice\u00a0: Catherine Robin<\/p>\n<p>&nbsp;<\/p>\n<p>Catherine Robin est aux Lev\u00e9s g\u00e9od\u00e9siques du Canada (LGC) depuis 2011, et est actuellement chef de section (Analyse et d\u00e9veloppement g\u00e9od\u00e9siques). Elle g\u00e8re \u00e9galement l&rsquo;effort de modernisation du cadre de r\u00e9f\u00e9rence nationale avec LGS et dirige l&rsquo;\u00e9quipe de travail sur la r\u00e9f\u00e9rence unifi\u00e9e du Comit\u00e9 Canadien du syst\u00e8me de r\u00e9f\u00e9rence g\u00e9od\u00e9sique (CCSRG).<\/p>\n","protected":false},"excerpt":{"rendered":"<p>Berg1; G. Banham2; M. Craymer3; G. Cross4; B. Donahue3; M. Fortin3; J. Huang3; R. Messier Paquin5; C. Robin3*; M. Walker3 1 Ministry of Transportation, Ontario; 2 Ministry of Environment and Parks, Alberta; 3 Natural Resources Canada; 4 Service New Brunswick; 5 Direction de la r\u00e9f\u00e9rence g\u00e9od\u00e9sique du Qu\u00e9bec \u00a0 R\u00e9sum\u00e9 Le National Geodetic Survey (NGS) [&hellip;]<\/p>\n","protected":false},"featured_media":0,"comment_status":"open","ping_status":"closed","template":"","meta":[],"product_brand":[],"product_tag":[],"class_list":{"0":"post-10011843","1":"product","2":"type-product","3":"status-publish","5":"product_cat-professionnel-fr","7":"first","8":"instock","9":"virtual","10":"sold-individually","11":"taxable","12":"purchasable","13":"product-type-simple"},"_links":{"self":[{"href":"https:\/\/staging.geoed.ca\/fr\/wp-json\/wp\/v2\/product\/10011843","targetHints":{"allow":["GET"]}}],"collection":[{"href":"https:\/\/staging.geoed.ca\/fr\/wp-json\/wp\/v2\/product"}],"about":[{"href":"https:\/\/staging.geoed.ca\/fr\/wp-json\/wp\/v2\/types\/product"}],"replies":[{"embeddable":true,"href":"https:\/\/staging.geoed.ca\/fr\/wp-json\/wp\/v2\/comments?post=10011843"}],"wp:attachment":[{"href":"https:\/\/staging.geoed.ca\/fr\/wp-json\/wp\/v2\/media?parent=10011843"}],"wp:term":[{"taxonomy":"product_brand","embeddable":true,"href":"https:\/\/staging.geoed.ca\/fr\/wp-json\/wp\/v2\/product_brand?post=10011843"},{"taxonomy":"product_tag","embeddable":true,"href":"https:\/\/staging.geoed.ca\/fr\/wp-json\/wp\/v2\/product_tag?post=10011843"}],"curies":[{"name":"wp","href":"https:\/\/api.w.org\/{rel}","templated":true}]}}